{"id":1225,"date":"2021-07-15T11:42:34","date_gmt":"2021-07-15T11:42:34","guid":{"rendered":"https:\/\/dsiedh.com\/?page_id=1225"},"modified":"2021-07-22T16:57:54","modified_gmt":"2021-07-22T14:57:54","slug":"convictions","status":"publish","type":"page","link":"https:\/\/dsiedh.com\/index.php\/equipe\/convictions\/","title":{"rendered":"Convictions"},"content":{"rendered":"\n\n\t\t\t\t<img decoding=\"async\" src=\"http:\/\/dsiedh.com\/wp-content\/uploads\/2021\/07\/methode.jpg\" alt=\"Best choice\" itemprop=\"image\" title=\"Best choice\" onerror=\"this.style.display='none'\"  \/>\n<h2>\n\t\tParce que m\u00e9riter votre confiance est essentiel, nous n&rsquo;agissons pas n&rsquo;importe comment\n\t<\/h2>\n\t<ul>\n<li>Ce que vous nous confiez reste entre vous et nous. La confidentialit\u00e9 de nos \u00e9changes est essentiel. Nous n&rsquo;intervenons pas sans accord formel de confidentialit\u00e9.<\/li>\n<li>L&rsquo;ind\u00e9pendance vis-\u00e0-vis des \u00e9diteurs de logiciels et soci\u00e9t\u00e9s de services informatiques est une condition d&rsquo;exercice de l&rsquo;activit\u00e9 de DSI et des Hommes. On ne peut pas \u00eatre juge et parti.<\/li>\n<li>DSI et des Hommes s&rsquo;efforce de m\u00e9riter la confiance des organisations qu&rsquo;elle accompagne en \u00e9tablissant une relation bienveillante mais non complaisante avec les personnes. On peut ne pas \u00eatre d&rsquo;accord et on doit pouvoir se le dire de mani\u00e8re constructive.<\/li>\n<li>Un bon syst\u00e8me d&rsquo;information permet \u00e0 la direction de piloter son organisation, est adopt\u00e9 par ses utilisateurs et maitris\u00e9 par ses experts internes \/ externes<\/li>\n<li>Le SI a toujours une histoire. En faire une critique constructive quand on se projette vers l&rsquo;avenir est toujours judicieux (m\u00eame pour conclure qu&rsquo;il faut faire autrement !). On se donne ainsi les moyens de construire de mani\u00e8re coh\u00e9rente.<\/li>\n<li>Penser des choses simples est un gage d&rsquo;efficacit\u00e9, de p\u00e9rennit\u00e9 et de pr\u00e9servation des ressources financi\u00e8res de l&rsquo;organisation. Le spectre de l&rsquo;\u00ab Usine \u00e0 gaz \u00bb n&rsquo;est jamais loin (une sage d\u00e9cision consiste parfois&#8230; \u00e0 ne rien changer !).<\/li>\n<li>On ne construit pas, on ne fait pas vivre un bon syst\u00e8me d&rsquo;information seul dans son coin.<\/li>\n<li>Dans un projet informatique on gagne toujours du temps \u00e0 agir avec m\u00e9thode et \u00e0 respecter les principes et les \u00e9tapes de celle-ci (ex. recueillir et poser <u>tous<\/u> les besoins et contraintes, tester <u>compl\u00e8tement<\/u>&#8230;)<\/li>\n<li>Les projets informatiques sont des projets passionnants qui font grandir les personnes qui s&rsquo;y impliquent (utilisateurs et experts).<\/li>\n<\/ul>\n<h2>\n\t\tPr\u00eat ?\n\t<\/h2>\n\t<p>Rencontrons-nous pour \u00e9changer et voyons comment nous pouvons vous aider \u00e0 piloter votre syst\u00e8me d&rsquo;information.<\/p>\n\t\t\t<a href=\"https:\/\/dsiedh.com\/index.php\/contact_form\/\" target=\"_blank\" role=\"button\" rel=\"noopener\">\n\t\t\t\t\t\t\tPrenons rendez-vous\n\t\t\t<\/a>\n\n","protected":false},"excerpt":{"rendered":"<p>Parce que m\u00e9riter votre confiance est essentiel, nous n&rsquo;agissons pas n&rsquo;importe comment Ce que vous nous confiez reste entre vous et nous. La confidentialit\u00e9 de nos \u00e9changes est essentiel. Nous n&rsquo;intervenons pas sans accord formel de confidentialit\u00e9. L&rsquo;ind\u00e9pendance vis-\u00e0-vis des \u00e9diteurs de logiciels et soci\u00e9t\u00e9s de services informatiques est une condition d&rsquo;exercice de l&rsquo;activit\u00e9 de DSI et des Hommes. On [&hellip;]<\/p>\n","protected":false},"author":1,"featured_media":0,"parent":1189,"menu_order":0,"comment_status":"closed","ping_status":"closed","template":"","meta":{"om_disable_all_campaigns":false,"_monsterinsights_skip_tracking":false,"_monsterinsights_sitenote_active":false,"_monsterinsights_sitenote_note":"","_monsterinsights_sitenote_category":0,"footnotes":""},"class_list":["post-1225","page","type-page","status-publish","hentry"],"aioseo_notices":[],"_links":{"self":[{"href":"https:\/\/dsiedh.com\/index.php\/wp-json\/wp\/v2\/pages\/1225","targetHints":{"allow":["GET"]}}],"collection":[{"href":"https:\/\/dsiedh.com\/index.php\/wp-json\/wp\/v2\/pages"}],"about":[{"href":"https:\/\/dsiedh.com\/index.php\/wp-json\/wp\/v2\/types\/page"}],"author":[{"embeddable":true,"href":"https:\/\/dsiedh.com\/index.php\/wp-json\/wp\/v2\/users\/1"}],"replies":[{"embeddable":true,"href":"https:\/\/dsiedh.com\/index.php\/wp-json\/wp\/v2\/comments?post=1225"}],"version-history":[{"count":10,"href":"https:\/\/dsiedh.com\/index.php\/wp-json\/wp\/v2\/pages\/1225\/revisions"}],"predecessor-version":[{"id":1365,"href":"https:\/\/dsiedh.com\/index.php\/wp-json\/wp\/v2\/pages\/1225\/revisions\/1365"}],"up":[{"embeddable":true,"href":"https:\/\/dsiedh.com\/index.php\/wp-json\/wp\/v2\/pages\/1189"}],"wp:attachment":[{"href":"https:\/\/dsiedh.com\/index.php\/wp-json\/wp\/v2\/media?parent=1225"}],"curies":[{"name":"wp","href":"https:\/\/api.w.org\/{rel}","templated":true}]}}