{"id":1223,"date":"2021-07-15T11:42:34","date_gmt":"2021-07-15T11:42:34","guid":{"rendered":"https:\/\/dsiedh.com\/?page_id=1223"},"modified":"2023-01-02T17:12:55","modified_gmt":"2023-01-02T15:12:55","slug":"fondateur","status":"publish","type":"page","link":"https:\/\/dsiedh.com\/index.php\/equipe\/fondateur\/","title":{"rendered":"Fondateur"},"content":{"rendered":"\n\n\t<h3><strong>Nicolas TASSEEL<\/strong><\/h3>\n<p><a href=\"mailto:ntasseel@dsiedh.com\">ntasseel@dsiedh.com<\/a><\/p>\n\t\t\t<a href=\"https:\/\/www.linkedin.com\/in\/ntasseel\/\" target=\"_blank\" role=\"button\" rel=\"noopener\">\n\t\t\t<\/a>\n\t<p>10 ann\u00e9es consacr\u00e9es \u00e0 la mise en place de syst\u00e8mes de gestion (ERP en particulier) et \u00e0 l&rsquo;accompagnement au changement dans des contextes vari\u00e9s. 10 autres ann\u00e9es en direction des syst\u00e8mes d&rsquo;information (Directeur des Etudes informatiques puis Directeur des Flux et du Syst\u00e8me d&rsquo;Information) successivement dans deux entreprises du secteur agroalimentaire.<\/p>\n\t\t\t\t<img decoding=\"async\" src=\"http:\/\/dsiedh.com\/wp-content\/uploads\/2021\/07\/Photo_HD-683x1024.jpg\" alt=\"Photo_HD\" itemprop=\"image\" title=\"Photo_HD\" onerror=\"this.style.display='none'\"  \/>\n\t<p><strong><i>\u00ab\u00a0En 20 ans, les technologies se sont succ\u00e9d\u00e9es, les m\u00e9thodes ont \u00e9volu\u00e9. Reste que ce sont les hommes qui font la diff\u00e9rence dans la r\u00e9ussite des projets syst\u00e8me d&rsquo;information.<\/i><\/strong><\/p>\n<p><strong><i>Convaincu qu&rsquo;un DSI, ce n&rsquo;est pas que pour les grandes organisations, j&rsquo;ai fond\u00e9 DSI et des Hommes pour mettre le num\u00e9rique \u00e0 la port\u00e9e de toutes les entreprises, grandes ou petites, avec les m\u00e9thodes et convictions qui sont les miennes. \u00bb\u00a0<\/i><\/strong><\/p>\n\n","protected":false},"excerpt":{"rendered":"<p>Nicolas TASSEEL ntasseel@dsiedh.com 10 ann\u00e9es consacr\u00e9es \u00e0 la mise en place de syst\u00e8mes de gestion (ERP en particulier) et \u00e0 l&rsquo;accompagnement au changement dans des contextes vari\u00e9s. 10 autres ann\u00e9es en direction des syst\u00e8mes d&rsquo;information (Directeur des Etudes informatiques puis Directeur des Flux et du Syst\u00e8me d&rsquo;Information) successivement dans deux entreprises du secteur agroalimentaire. \u00ab\u00a0En 20 ans, les technologies se [&hellip;]<\/p>\n","protected":false},"author":1,"featured_media":0,"parent":1189,"menu_order":0,"comment_status":"closed","ping_status":"closed","template":"","meta":{"om_disable_all_campaigns":false,"_monsterinsights_skip_tracking":false,"_monsterinsights_sitenote_active":false,"_monsterinsights_sitenote_note":"","_monsterinsights_sitenote_category":0,"footnotes":""},"class_list":["post-1223","page","type-page","status-publish","hentry"],"aioseo_notices":[],"_links":{"self":[{"href":"https:\/\/dsiedh.com\/index.php\/wp-json\/wp\/v2\/pages\/1223","targetHints":{"allow":["GET"]}}],"collection":[{"href":"https:\/\/dsiedh.com\/index.php\/wp-json\/wp\/v2\/pages"}],"about":[{"href":"https:\/\/dsiedh.com\/index.php\/wp-json\/wp\/v2\/types\/page"}],"author":[{"embeddable":true,"href":"https:\/\/dsiedh.com\/index.php\/wp-json\/wp\/v2\/users\/1"}],"replies":[{"embeddable":true,"href":"https:\/\/dsiedh.com\/index.php\/wp-json\/wp\/v2\/comments?post=1223"}],"version-history":[{"count":10,"href":"https:\/\/dsiedh.com\/index.php\/wp-json\/wp\/v2\/pages\/1223\/revisions"}],"predecessor-version":[{"id":1396,"href":"https:\/\/dsiedh.com\/index.php\/wp-json\/wp\/v2\/pages\/1223\/revisions\/1396"}],"up":[{"embeddable":true,"href":"https:\/\/dsiedh.com\/index.php\/wp-json\/wp\/v2\/pages\/1189"}],"wp:attachment":[{"href":"https:\/\/dsiedh.com\/index.php\/wp-json\/wp\/v2\/media?parent=1223"}],"curies":[{"name":"wp","href":"https:\/\/api.w.org\/{rel}","templated":true}]}}