{"id":1222,"date":"2021-07-15T11:42:34","date_gmt":"2021-07-15T11:42:34","guid":{"rendered":"https:\/\/dsiedh.com\/?page_id=1222"},"modified":"2021-07-22T16:40:42","modified_gmt":"2021-07-22T14:40:42","slug":"etat-des-lieux","status":"publish","type":"page","link":"https:\/\/dsiedh.com\/index.php\/offre\/etat-des-lieux\/","title":{"rendered":"Etat des lieux"},"content":{"rendered":"\n<h1>\n\t\tSe situer\n\t<\/h1>\n\t<p>L&rsquo;\u00e9tat des lieux est l&rsquo;occasion de faire le point de mani\u00e8re factuelle et d\u00e9passionn\u00e9e sur l&rsquo;\u00e9tat du syst\u00e8me d&rsquo;information.<\/p>\n<h2>\n\t\tDresser l&rsquo;\u00e9tat des lieux du SI\n\t<\/h2>\n\t<p>Dress\u00e9 de mani\u00e8re m\u00e9thodique, l&rsquo;\u00e9tat des lieux du syst\u00e8me d&rsquo;information permet la critique constructive de ce qui existe, la mise en lumi\u00e8re de ce qui n&rsquo;est pas appr\u00e9hend\u00e9 par le SI, ce qui fonctionne \/ ce qui fonctionne moins bien et de l\u00e0, la construction d&rsquo;une cible \u00e0 atteindre.<\/p>\n\t\t\t\t<img decoding=\"async\" src=\"http:\/\/dsiedh.com\/wp-content\/uploads\/2021\/07\/Etat_des_lieux.png\" alt=\"Etat_des_lieux\" itemprop=\"image\" title=\"Etat_des_lieux\" onerror=\"this.style.display='none'\"  \/>\n\t<p>Les recommandations qui concluent l&rsquo;\u00e9tat des lieux peuvent constituer \u00e0 elles seules une feuille de route qui permet de progresser avec son syst\u00e8me d&rsquo;information. \u00a0L&rsquo;organisation peut d\u00e9cider d&rsquo;engager seule les changements propos\u00e9s si elle en a le temps et les moyens et qu&rsquo;elle le souhaite.<\/p>\n<h2>\n\t\tPr\u00eat ?\n\t<\/h2>\n\t<p>Rencontrons-nous pour \u00e9changer et voyons comment nous pouvons vous aider \u00e0 piloter votre syst\u00e8me d&rsquo;information.<\/p>\n\t\t\t<a href=\"https:\/\/dsiedh.com\/index.php\/contact_form\/\" target=\"_blank\" role=\"button\" rel=\"noopener\">\n\t\t\t\t\t\t\tPrenons rendez-vous\n\t\t\t<\/a>\n\n","protected":false},"excerpt":{"rendered":"<p>Se situer L&rsquo;\u00e9tat des lieux est l&rsquo;occasion de faire le point de mani\u00e8re factuelle et d\u00e9passionn\u00e9e sur l&rsquo;\u00e9tat du syst\u00e8me d&rsquo;information. Dresser l&rsquo;\u00e9tat des lieux du SI Dress\u00e9 de mani\u00e8re m\u00e9thodique, l&rsquo;\u00e9tat des lieux du syst\u00e8me d&rsquo;information permet la critique constructive de ce qui existe, la mise en lumi\u00e8re de ce qui n&rsquo;est pas appr\u00e9hend\u00e9 par le SI, ce qui [&hellip;]<\/p>\n","protected":false},"author":1,"featured_media":0,"parent":1184,"menu_order":0,"comment_status":"closed","ping_status":"closed","template":"","meta":{"om_disable_all_campaigns":false,"_monsterinsights_skip_tracking":false,"_monsterinsights_sitenote_active":false,"_monsterinsights_sitenote_note":"","_monsterinsights_sitenote_category":0,"footnotes":""},"class_list":["post-1222","page","type-page","status-publish","hentry"],"aioseo_notices":[],"_links":{"self":[{"href":"https:\/\/dsiedh.com\/index.php\/wp-json\/wp\/v2\/pages\/1222","targetHints":{"allow":["GET"]}}],"collection":[{"href":"https:\/\/dsiedh.com\/index.php\/wp-json\/wp\/v2\/pages"}],"about":[{"href":"https:\/\/dsiedh.com\/index.php\/wp-json\/wp\/v2\/types\/page"}],"author":[{"embeddable":true,"href":"https:\/\/dsiedh.com\/index.php\/wp-json\/wp\/v2\/users\/1"}],"replies":[{"embeddable":true,"href":"https:\/\/dsiedh.com\/index.php\/wp-json\/wp\/v2\/comments?post=1222"}],"version-history":[{"count":10,"href":"https:\/\/dsiedh.com\/index.php\/wp-json\/wp\/v2\/pages\/1222\/revisions"}],"predecessor-version":[{"id":1362,"href":"https:\/\/dsiedh.com\/index.php\/wp-json\/wp\/v2\/pages\/1222\/revisions\/1362"}],"up":[{"embeddable":true,"href":"https:\/\/dsiedh.com\/index.php\/wp-json\/wp\/v2\/pages\/1184"}],"wp:attachment":[{"href":"https:\/\/dsiedh.com\/index.php\/wp-json\/wp\/v2\/media?parent=1222"}],"curies":[{"name":"wp","href":"https:\/\/api.w.org\/{rel}","templated":true}]}}