{"id":1197,"date":"2021-07-09T17:16:55","date_gmt":"2021-07-09T17:16:55","guid":{"rendered":"https:\/\/dsiedh.com\/?page_id=1197"},"modified":"2021-07-22T16:41:50","modified_gmt":"2021-07-22T14:41:50","slug":"accompagnement","status":"publish","type":"page","link":"https:\/\/dsiedh.com\/index.php\/offre\/accompagnement\/","title":{"rendered":"Accompagnement"},"content":{"rendered":"\n<h1>\n\t\tVous concentrer sur votre activit\u00e9 sans perdre le contr\u00f4le du syst\u00e8me d&rsquo;information\n\t<\/h1>\n\t<p>En d\u00e9l\u00e9guant le pilotage de son syst\u00e8me d&rsquo;information \u00e0 un v\u00e9ritable DSI externalis\u00e9, l&rsquo;organisation se concentre sur son coeur d&rsquo;activit\u00e9s et se donne les moyens d&rsquo;accro\u00eetre l&rsquo;efficacit\u00e9 de son fonctionnement interne et de cr\u00e9er de nouveaux services pour ses clients ou usagers.<\/p>\n<h2>\n\t\tD\u00e9l\u00e9guer le pilotage du syst\u00e8me d&rsquo;information\n\t<\/h2>\n\t<p>Votre DSI en temps partag\u00e9 prend en charge les t\u00e2ches de pilotage du syst\u00e8me d&rsquo;information. Vous savez \u00e0 tout moment o\u00f9 vous en \u00eates. Plus il conna\u00eet votre organisation, plus il est force de proposition pour vous faire progresser.<\/p>\n\t\t\t\t<img decoding=\"async\" src=\"http:\/\/dsiedh.com\/wp-content\/uploads\/2021\/07\/dsi_externalise-1.png\" alt=\"dsi_externalise\" itemprop=\"image\" title=\"dsi_externalise\" onerror=\"this.style.display='none'\"  \/>\n\t<p>Les t\u00e2ches de support quotidien (traitement d&rsquo;anomalies et d\u00e9pannage, demande d&rsquo;\u00e9volution, \u00e9quipement de nouveaux embauch\u00e9s, suivi d&rsquo;exploitation, administration des syst\u00e8mes&#8230;) sont supervis\u00e9es.<\/p>\n\t<p>Les projets syst\u00e8me d&rsquo;information structurants (changement d&rsquo;outils m\u00e9tier, projets strat\u00e9giques, r\u00e9organisation&#8230;) sont pilot\u00e9s.<\/p>\n\t<p>Les budgets SI de fonctionnement et d&rsquo;investissements sont suivis. Chaque d\u00e9pense engag\u00e9e est n\u00e9goci\u00e9e en tenant compte des pratiques de march\u00e9.<\/p>\n\t<p>L&rsquo;\u00e9quipe SI internalis\u00e9 et les prestataires externes sont anim\u00e9s par des rituels de management adapt\u00e9s \u00e0 ce type de profil.<\/p>\n\t<p>Les instance dirigeantes sont \u00e9clair\u00e9es sur les aspects SI de leurs d\u00e9cisions. Les diff\u00e9rentes \u00e9quipes de l&rsquo;organisation sont sensibilis\u00e9es aux enjeux des questions SI dans leurs m\u00e9tiers respectifs.<\/p>\n\t<p>Lors d&rsquo;\u00e9v\u00e8nements de type audits, certification, visites client&#8230; le DSI repr\u00e9sente l&rsquo;organisation aupr\u00e8s de ses interlocuteurs sur les aspects SI.<\/p>\n<h2>\n\t\tPr\u00eat ?\n\t<\/h2>\n\t<p>Rencontrons-nous pour \u00e9changer et voyons comment nous pouvons vous aider \u00e0 piloter votre syst\u00e8me d&rsquo;information.<\/p>\n\t\t\t<a href=\"https:\/\/dsiedh.com\/index.php\/contact_form\/\" target=\"_blank\" role=\"button\" rel=\"noopener\">\n\t\t\t\t\t\t\tPrenons rendez-vous\n\t\t\t<\/a>\n\n","protected":false},"excerpt":{"rendered":"<p>Vous concentrer sur votre activit\u00e9 sans perdre le contr\u00f4le du syst\u00e8me d&rsquo;information En d\u00e9l\u00e9guant le pilotage de son syst\u00e8me d&rsquo;information \u00e0 un v\u00e9ritable DSI externalis\u00e9, l&rsquo;organisation se concentre sur son coeur d&rsquo;activit\u00e9s et se donne les moyens d&rsquo;accro\u00eetre l&rsquo;efficacit\u00e9 de son fonctionnement interne et de cr\u00e9er de nouveaux services pour ses clients ou usagers. D\u00e9l\u00e9guer le pilotage du syst\u00e8me d&rsquo;information [&hellip;]<\/p>\n","protected":false},"author":1,"featured_media":0,"parent":1184,"menu_order":0,"comment_status":"closed","ping_status":"closed","template":"","meta":{"om_disable_all_campaigns":false,"_monsterinsights_skip_tracking":false,"_monsterinsights_sitenote_active":false,"_monsterinsights_sitenote_note":"","_monsterinsights_sitenote_category":0,"footnotes":""},"class_list":["post-1197","page","type-page","status-publish","hentry"],"aioseo_notices":[],"_links":{"self":[{"href":"https:\/\/dsiedh.com\/index.php\/wp-json\/wp\/v2\/pages\/1197","targetHints":{"allow":["GET"]}}],"collection":[{"href":"https:\/\/dsiedh.com\/index.php\/wp-json\/wp\/v2\/pages"}],"about":[{"href":"https:\/\/dsiedh.com\/index.php\/wp-json\/wp\/v2\/types\/page"}],"author":[{"embeddable":true,"href":"https:\/\/dsiedh.com\/index.php\/wp-json\/wp\/v2\/users\/1"}],"replies":[{"embeddable":true,"href":"https:\/\/dsiedh.com\/index.php\/wp-json\/wp\/v2\/comments?post=1197"}],"version-history":[{"count":9,"href":"https:\/\/dsiedh.com\/index.php\/wp-json\/wp\/v2\/pages\/1197\/revisions"}],"predecessor-version":[{"id":1364,"href":"https:\/\/dsiedh.com\/index.php\/wp-json\/wp\/v2\/pages\/1197\/revisions\/1364"}],"up":[{"embeddable":true,"href":"https:\/\/dsiedh.com\/index.php\/wp-json\/wp\/v2\/pages\/1184"}],"wp:attachment":[{"href":"https:\/\/dsiedh.com\/index.php\/wp-json\/wp\/v2\/media?parent=1197"}],"curies":[{"name":"wp","href":"https:\/\/api.w.org\/{rel}","templated":true}]}}