{"id":1189,"date":"2021-07-09T17:11:33","date_gmt":"2021-07-09T17:11:33","guid":{"rendered":"https:\/\/dsiedh.com\/?page_id=1189"},"modified":"2021-07-21T21:47:29","modified_gmt":"2021-07-21T19:47:29","slug":"equipe","status":"publish","type":"page","link":"https:\/\/dsiedh.com\/index.php\/equipe\/","title":{"rendered":"L&rsquo;\u00e9quipe"},"content":{"rendered":"\n<h1>\n\t\tEquipe\n\t<\/h1>\n\t<p>Pas d&rsquo;\u00e9quipe de mise en \u0153uvre de technologie chez DSI et des Hommes. On ne serait pas cr\u00e9dible dans nos recommandations si c&rsquo;\u00e9tait le cas.<\/p>\n\t\t\t\t<img decoding=\"async\" src=\"https:\/\/dsiedh.com\/wp-content\/plugins\/beaver-builder-lite-version\/img\/pixel.png\" alt=\"\" itemprop=\"image\" onerror=\"this.style.display='none'\"  \/>\n\n","protected":false},"excerpt":{"rendered":"<p>Equipe Pas d&rsquo;\u00e9quipe de mise en \u0153uvre de technologie chez DSI et des Hommes. On ne serait pas cr\u00e9dible dans nos recommandations si c&rsquo;\u00e9tait le cas.<\/p>\n","protected":false},"author":1,"featured_media":0,"parent":0,"menu_order":0,"comment_status":"closed","ping_status":"closed","template":"page-templates\/full-width-container.php","meta":{"om_disable_all_campaigns":false,"_monsterinsights_skip_tracking":false,"_monsterinsights_sitenote_active":false,"_monsterinsights_sitenote_note":"","_monsterinsights_sitenote_category":0,"footnotes":""},"class_list":["post-1189","page","type-page","status-publish","hentry"],"aioseo_notices":[],"_links":{"self":[{"href":"https:\/\/dsiedh.com\/index.php\/wp-json\/wp\/v2\/pages\/1189","targetHints":{"allow":["GET"]}}],"collection":[{"href":"https:\/\/dsiedh.com\/index.php\/wp-json\/wp\/v2\/pages"}],"about":[{"href":"https:\/\/dsiedh.com\/index.php\/wp-json\/wp\/v2\/types\/page"}],"author":[{"embeddable":true,"href":"https:\/\/dsiedh.com\/index.php\/wp-json\/wp\/v2\/users\/1"}],"replies":[{"embeddable":true,"href":"https:\/\/dsiedh.com\/index.php\/wp-json\/wp\/v2\/comments?post=1189"}],"version-history":[{"count":10,"href":"https:\/\/dsiedh.com\/index.php\/wp-json\/wp\/v2\/pages\/1189\/revisions"}],"predecessor-version":[{"id":1350,"href":"https:\/\/dsiedh.com\/index.php\/wp-json\/wp\/v2\/pages\/1189\/revisions\/1350"}],"wp:attachment":[{"href":"https:\/\/dsiedh.com\/index.php\/wp-json\/wp\/v2\/media?parent=1189"}],"curies":[{"name":"wp","href":"https:\/\/api.w.org\/{rel}","templated":true}]}}