{"id":1184,"date":"2021-07-09T17:07:45","date_gmt":"2021-07-09T17:07:45","guid":{"rendered":"https:\/\/dsiedh.com\/?page_id=1184"},"modified":"2021-08-24T13:36:39","modified_gmt":"2021-08-24T11:36:39","slug":"offre","status":"publish","type":"page","link":"https:\/\/dsiedh.com\/index.php\/offre\/","title":{"rendered":"Notre offre"},"content":{"rendered":"\n<h1>\n\t\tUn accompagnement de proximit\u00e9, souple et mesur\u00e9\n\t<\/h1>\n\t<p>DSI et des hommes d\u00e9cline son offre d&rsquo;accompagnement au pilotage du syst\u00e8me d&rsquo;information en trois approches afin de r\u00e9pondre de mani\u00e8re souple et mesur\u00e9e aux besoins des petites et moyennes organisations.<\/p>\n\t\t\t\t<img decoding=\"async\" src=\"https:\/\/dsiedh.com\/wp-content\/plugins\/beaver-builder-lite-version\/img\/pixel.png\" alt=\"\" itemprop=\"image\" onerror=\"this.style.display='none'\"  \/>\n\n","protected":false},"excerpt":{"rendered":"<p>Un accompagnement de proximit\u00e9, souple et mesur\u00e9 DSI et des hommes d\u00e9cline son offre d&rsquo;accompagnement au pilotage du syst\u00e8me d&rsquo;information en trois approches afin de r\u00e9pondre de mani\u00e8re souple et mesur\u00e9e aux besoins des petites et moyennes organisations.<\/p>\n","protected":false},"author":1,"featured_media":0,"parent":0,"menu_order":0,"comment_status":"closed","ping_status":"closed","template":"page-templates\/full-width-container.php","meta":{"om_disable_all_campaigns":false,"_monsterinsights_skip_tracking":false,"_monsterinsights_sitenote_active":false,"_monsterinsights_sitenote_note":"","_monsterinsights_sitenote_category":0,"footnotes":""},"class_list":["post-1184","page","type-page","status-publish","hentry"],"aioseo_notices":[],"_links":{"self":[{"href":"https:\/\/dsiedh.com\/index.php\/wp-json\/wp\/v2\/pages\/1184","targetHints":{"allow":["GET"]}}],"collection":[{"href":"https:\/\/dsiedh.com\/index.php\/wp-json\/wp\/v2\/pages"}],"about":[{"href":"https:\/\/dsiedh.com\/index.php\/wp-json\/wp\/v2\/types\/page"}],"author":[{"embeddable":true,"href":"https:\/\/dsiedh.com\/index.php\/wp-json\/wp\/v2\/users\/1"}],"replies":[{"embeddable":true,"href":"https:\/\/dsiedh.com\/index.php\/wp-json\/wp\/v2\/comments?post=1184"}],"version-history":[{"count":10,"href":"https:\/\/dsiedh.com\/index.php\/wp-json\/wp\/v2\/pages\/1184\/revisions"}],"predecessor-version":[{"id":1380,"href":"https:\/\/dsiedh.com\/index.php\/wp-json\/wp\/v2\/pages\/1184\/revisions\/1380"}],"wp:attachment":[{"href":"https:\/\/dsiedh.com\/index.php\/wp-json\/wp\/v2\/media?parent=1184"}],"curies":[{"name":"wp","href":"https:\/\/api.w.org\/{rel}","templated":true}]}}