{"id":1176,"date":"2021-07-09T16:46:10","date_gmt":"2021-07-09T16:46:10","guid":{"rendered":"https:\/\/dsiedh.com\/?page_id=1176"},"modified":"2023-01-02T17:10:28","modified_gmt":"2023-01-02T15:10:28","slug":"accueil","status":"publish","type":"page","link":"https:\/\/dsiedh.com\/","title":{"rendered":"Accueil"},"content":{"rendered":"\n<h1>\n\t\tPiloter le syst\u00e8me d&rsquo;information\n\t<\/h1>\n\t<p>DSI et des Hommes accompagne les entreprises de toute taille dans le pilotage de leur syst\u00e8me d&rsquo;information en mettant \u00e0 leur disposition un directeur des syst\u00e8mes d&rsquo;information (DSI) en temps partag\u00e9.<\/p>\n\t\t\t<a href=\"https:\/\/dsiedh.com\/index.php\/introduction\/\" target=\"_self\" role=\"button\" rel=\"noopener\">\n\t\t\t\t\t\t\tEn savoir plus\n\t\t\t<\/a>\n<h2>\n\t\tProximit\u00e9, souplesse et mesure\n\t<\/h2>\n\t<p>Proche de chez vous, DSI et des hommes propose diff\u00e9rents types d&rsquo;accompagnement et s&rsquo;adapte aux amibitions et contraintes de votre organisation. En nous confiant les t\u00e2ches de pilotage de votre syst\u00e8me d&rsquo;information sur lesquelles vous \u00eates en difficult\u00e9, par manque de comp\u00e9tences ou par manque de temps, vous vous concentrez sur votre coeur d&rsquo;activit\u00e9 sans perdre le contr\u00f4le de votre SI.<\/p>\n\t\t\t\t<img decoding=\"async\" src=\"https:\/\/lite.demos.wpbeaverbuilder.com\/wp-content\/uploads\/sites\/28\/2020\/02\/headway-5QgIuuBxKwM-unsplash-768x768-1.jpg\" alt=\"\" itemprop=\"image\" onerror=\"this.style.display='none'\"  \/>\n<h2>\n\t\tEtat des lieux\n\t<\/h2>\n\t<p>Dresser avec vous <strong>l&rsquo;\u00e9tat des lieux de votre syst\u00e8me d&rsquo;information<\/strong> permet de dresser un point de situation, de d\u00e9gager une cible et d&rsquo;en d\u00e9duire un plan de travail. Il ne vous reste plus qu&rsquo;\u00e0 suivre la feuille de route que nous construisons ensemble.<\/p>\n<p><a href=\"https:\/\/dsiedh.com\/index.php\/etat-des-lieux\/\">En savoir plus<\/a><\/p>\n\t\t\t\t<img decoding=\"async\" src=\"https:\/\/lite.demos.wpbeaverbuilder.com\/wp-content\/uploads\/sites\/28\/2020\/02\/field-notes-768x768-1.jpg\" alt=\"\" itemprop=\"image\" onerror=\"this.style.display='none'\"  \/>\n<h2>\n\t\tMissions &#038; Transition\n\t<\/h2>\n\t<p>Nous vous aidons en r\u00e9alisant <strong>les missions<\/strong> que vous nous confiez ou en assurant <strong>la transition<\/strong> dans vos \u00e9quipes.<\/p>\n<p>Vous avez un point pr\u00e9cis \u00e0 adresser mais vous ne savez pas comment vous y prendre et vous n&rsquo;avez pas le temps qu&rsquo;il faut pour le traiter : choix d&rsquo;un outil m\u00e9tier (ERP, CRM&#8230;), renforcement de votre pr\u00e9sence sur Internet, pilotage d&rsquo;un projet strat\u00e9gique, rachat d&rsquo;entreprise, externalisation d&rsquo;infrastructure, mise en place d&rsquo;une approche budg\u00e9taire des co\u00fbts informatiques, sensibilisation de vos \u00e9quipes aux enjeux du num\u00e9rique, recrutement de comp\u00e9tences informatiques, recherche de prestataires&#8230;<\/p>\n<p>Vous n&rsquo;avez pas ou vous n&rsquo;avez plus les comp\u00e9tences n\u00e9cessaires pour piloter votre syst\u00e8me d&rsquo;information. Nous assurons la continuit\u00e9 du service jusqu&rsquo;\u00e0 ce que vous ayez r\u00e9aliser les ajustements d&rsquo;organisation n\u00e9cessaires (recrutement, promotion interne).<\/p>\n<p><a href=\"https:\/\/dsiedh.com\/index.php\/missions\/\">En savoir plus<\/a><\/p>\n\t\t\t\t<img decoding=\"async\" src=\"https:\/\/lite.demos.wpbeaverbuilder.com\/wp-content\/uploads\/sites\/28\/2020\/02\/photo-1529119368496-2dfda6ec2804-768x768-1.jpg\" alt=\"\" itemprop=\"image\" onerror=\"this.style.display='none'\"  \/>\n<h2>\n\t\tAccompagnement\n\t<\/h2>\n\t<p>En nous confiant le pilotage de votre syst\u00e8me d&rsquo;information vous b\u00e9n\u00e9ficiez d&rsquo;un <strong>accompagnement dans la dur\u00e9e<\/strong>. La connaissance croissante de votre organisation et de votre fonctionnement nous rend sans cesse plus pertinent. La veille technologique que nous r\u00e9alisons est orient\u00e9e par vos pr\u00e9occupations. Qui sait si on ne va pas vous aider \u00e0 vous r\u00e9inventer ?<\/p>\n<p><a href=\"https:\/\/dsiedh.com\/index.php\/accompagnement\/\">En savoir plus<\/a><\/p>\n<h2>\n\t\tNos avantages\n\t<\/h2>\n\t<p>DSI et des Hommes, ce sont des comp\u00e9tences de haut niveau en mati\u00e8re de pilotage du syst\u00e8me d&rsquo;information \u00e0 proximit\u00e9 de chez vous, capable de vous accompagner dans la dur\u00e9e et \u00e0 votre rythme. Vous avez recours aux comp\u00e9tences dont vous avez besoin quand vous en avez besoin.<\/p>\n\t\t\t\t<img decoding=\"async\" src=\"https:\/\/lite.demos.wpbeaverbuilder.com\/wp-content\/uploads\/sites\/28\/2020\/02\/office.jpg\" alt=\"\" itemprop=\"image\" onerror=\"this.style.display='none'\"  \/>\n<h2>\n\t\t\u00ab\u00a0Construire le syst\u00e8me d&rsquo;information, faire grandir les personnes\u00a0\u00bb\n\t<\/h2>\n\t<p>Passionn\u00e9s par ce m\u00e9tier, nous croyons que les technologies de l&rsquo;information ne donnent leur pleine mesure que lorsque leur mise en place est l&rsquo;occasion de faire grandir les personnes .<\/p>\n\t\t\t<a href=\"https:\/\/dsiedh.com\/index.php\/valeurs\/\" target=\"_self\" role=\"button\" rel=\"noopener\">\n\t\t\t\t\t\t\tEn savoir plus\n\t\t\t<\/a>\n<h2>\n\t\tPr\u00eat ?\n\t<\/h2>\n\t<p>Rencontrons-nous pour \u00e9changer et voyons comment nous pouvons vous aider \u00e0 piloter votre syst\u00e8me d&rsquo;information.<\/p>\n\t\t\t<a href=\"https:\/\/dsiedh.com\/index.php\/contact_form\/\" target=\"_blank\" role=\"button\" rel=\"noopener\">\n\t\t\t\t\t\t\tPrenons rendez-vous\n\t\t\t<\/a>\n<h2>\n\t\tT\u00e9moignages\n\t<\/h2>\n\t<p><em>Le support exceptionnel de Nicolas est un atout\u00a0majeur dans la r\u00e9ussite des projets IT. Au-del\u00e0 de la r\u00e9daction des cahiers des charges techniques et de la mise en place rigoureuse des solutions, nous avions un interlocuteur clair et pr\u00e9cis nous aidant \u00e0 caract\u00e9riser et \u00e0 synth\u00e9tiser nos activit\u00e9s afin de formuler la solution la plus adapt\u00e9e \u00e0 nos attentes.<\/em><\/p>\n<p><em>Nicolas a toujours su proposer des solutions innovantes tout en \u00e9tant tr\u00e8s pragmatiques et cr\u00e9atrices de valeur ajout\u00e9e pour l&rsquo;entreprise et les salari\u00e9s.<\/em><\/p>\n<p><em>Homme de terrain et proche des collaborateurs, Nicolas a r\u00e9ussi \u00e0 embarquer toute l&rsquo;\u00e9quipe et \u00e0 mener avec succ\u00e8s la conduite du changement.<\/em><\/p>\n<p><em>\u00c9l\u00e9ment aux multiples atouts et pluridisciplinaire, l&rsquo;entreprise qui aura la chance de l&rsquo;avoir au sein de son \u00e9quipe projet b\u00e9n\u00e9ficiera d&rsquo;un avantage majeur pour en faire une r\u00e9ussite.<\/em><\/p>\n\t\t\t\t<img decoding=\"async\" src=\"https:\/\/lite.demos.wpbeaverbuilder.com\/wp-content\/uploads\/sites\/28\/2020\/02\/photo-1558403194-611308249627-1-768x768-4.jpg\" alt=\"\" itemprop=\"image\" onerror=\"this.style.display='none'\"  \/>\n\t<strong>Magali Cuvillier<br \/>\n<\/strong>Supply Chain Manager, secteur agro alimentaire\n\n","protected":false},"excerpt":{"rendered":"<p>Piloter le syst\u00e8me d&rsquo;information DSI et des Hommes accompagne les entreprises de toute taille dans le pilotage de leur syst\u00e8me d&rsquo;information en mettant \u00e0 leur disposition un directeur des syst\u00e8mes d&rsquo;information (DSI) en temps partag\u00e9. En savoir plus Proximit\u00e9, souplesse et mesure Proche de chez vous, DSI et des hommes propose diff\u00e9rents types d&rsquo;accompagnement et s&rsquo;adapte aux amibitions et contraintes [&hellip;]<\/p>\n","protected":false},"author":1,"featured_media":0,"parent":0,"menu_order":0,"comment_status":"closed","ping_status":"closed","template":"","meta":{"om_disable_all_campaigns":false,"_monsterinsights_skip_tracking":false,"_monsterinsights_sitenote_active":false,"_monsterinsights_sitenote_note":"","_monsterinsights_sitenote_category":0,"footnotes":""},"class_list":["post-1176","page","type-page","status-publish","hentry"],"aioseo_notices":[],"_links":{"self":[{"href":"https:\/\/dsiedh.com\/index.php\/wp-json\/wp\/v2\/pages\/1176","targetHints":{"allow":["GET"]}}],"collection":[{"href":"https:\/\/dsiedh.com\/index.php\/wp-json\/wp\/v2\/pages"}],"about":[{"href":"https:\/\/dsiedh.com\/index.php\/wp-json\/wp\/v2\/types\/page"}],"author":[{"embeddable":true,"href":"https:\/\/dsiedh.com\/index.php\/wp-json\/wp\/v2\/users\/1"}],"replies":[{"embeddable":true,"href":"https:\/\/dsiedh.com\/index.php\/wp-json\/wp\/v2\/comments?post=1176"}],"version-history":[{"count":31,"href":"https:\/\/dsiedh.com\/index.php\/wp-json\/wp\/v2\/pages\/1176\/revisions"}],"predecessor-version":[{"id":1394,"href":"https:\/\/dsiedh.com\/index.php\/wp-json\/wp\/v2\/pages\/1176\/revisions\/1394"}],"wp:attachment":[{"href":"https:\/\/dsiedh.com\/index.php\/wp-json\/wp\/v2\/media?parent=1176"}],"curies":[{"name":"wp","href":"https:\/\/api.w.org\/{rel}","templated":true}]}}