{"id":1165,"date":"2021-07-09T16:28:26","date_gmt":"2021-07-09T16:28:26","guid":{"rendered":"https:\/\/dsiedh.com\/?page_id=1165"},"modified":"2023-01-02T17:15:16","modified_gmt":"2023-01-02T15:15:16","slug":"introduction","status":"publish","type":"page","link":"https:\/\/dsiedh.com\/index.php\/introduction\/","title":{"rendered":"Introduction"},"content":{"rendered":"\n<h2>\n\t\tUn DSI pour les enteprises de toute taille\n\t<\/h2>\n\t<p>DSI et des Hommes aide les petites et moyennes organisations partout en France \u00e0 construire et piloter leur syst\u00e8me d&rsquo;information en mettant \u00e0 leur port\u00e9e la comp\u00e9tence et l&rsquo;exp\u00e9rience d&rsquo;un Directeur des Syst\u00e8mes d&rsquo;Information (DSI).<\/p>\n<p>Avec pour cadre la vision donn\u00e9e par la direction, le DSI r\u00e9alise les combinaisons entre technologie de l&rsquo;information et mode de fonctionnement de l&rsquo;organisation qui permettent \u00e0 celle-ci de d\u00e9ployer son activit\u00e9 avec s\u00fbret\u00e9, efficacit\u00e9 et \u00e0 moindre co\u00fbt.<\/p>\n<p>Les entreprises n&rsquo;ont pas toujours besoin d&rsquo;un DSI \u00e0 demeure en permanence. C&rsquo;est pourquoi DSI et des Hommes propose ses services \u00ab sur mesure \u00bb en temps partag\u00e9.<\/p>\n\t\t\t\t<img decoding=\"async\" src=\"http:\/\/dsiedh.com\/wp-content\/uploads\/2021\/07\/people-man-office-2567566.jpg\" alt=\"people, man, office-2567566.jpg\" itemprop=\"image\" title=\"people-man-office-2567566\" onerror=\"this.style.display='none'\"  \/>\n\t\t\t\t<img decoding=\"async\" src=\"http:\/\/dsiedh.com\/wp-content\/uploads\/2021\/07\/transformation-web-brain-4707710-300x200.jpg\" alt=\"transformation, web, brain-4707710.jpg\" itemprop=\"image\" title=\"transformation-web-brain-4707710\" onerror=\"this.style.display='none'\"  \/>\n<h2>\n\t\tParce que le num\u00e9rique est partout et incontournable\n\t<\/h2>\n\t<p>L&rsquo;essor du num\u00e9rique depuis une trentaine d&rsquo;ann\u00e9es fait conna\u00eetre au monde une rupture technologique comparable \u00e0 celle de l&rsquo;imprimerie au XV\u00e8me si\u00e8cle.<\/p>\n<p>Le ph\u00e9nom\u00e8ne, \u00e9volutif et de plus en plus complexe (IA, big data, cloud, r\u00e9seaux, mobilit\u00e9, s\u00e9curit\u00e9, ERP&#8230;), a connu une soudaine acc\u00e9l\u00e9ration avec la crise sanitaire mettant en lumi\u00e8re les menaces (cyberd\u00e9linquance entre autre) ainsi que les formidables opportunit\u00e9s (visioconf\u00e9rence, \u00ab click and collect \u00bb et bien d&rsquo;autres) de la technologie<\/p>\n<p>Aucune activit\u00e9 humaine n&rsquo;\u00e9chappe au num\u00e9rique, posant la question du pilotage du syst\u00e8me d&rsquo;information \u00e0 toute forme d&rsquo;organisation (entreprises, administrations, collectivit\u00e9s locales, \u00e9tablissements de sant\u00e9, associations&#8230;), m\u00eame les plus petites.<\/p>\n<p>Faisant ce constat, DSI et des Hommes apporte les comp\u00e9tences en mati\u00e8re de pilotage du syst\u00e8me d&rsquo;information dont les petites et moyennes organisations ont besoin quand elles en ont besoin et avec la mesure adapt\u00e9e.<\/p>\n\t\t\t\t<img decoding=\"async\" src=\"https:\/\/dsiedh.com\/wp-content\/plugins\/beaver-builder-lite-version\/img\/pixel.png\" alt=\"\" itemprop=\"image\" onerror=\"this.style.display='none'\"  \/>\n\t\t\t\t<img decoding=\"async\" src=\"http:\/\/dsiedh.com\/wp-content\/uploads\/2021\/07\/paper-business-finance-3213924.jpg\" alt=\"paper, business, finance-3213924.jpg\" itemprop=\"image\" title=\"paper-business-finance-3213924\" onerror=\"this.style.display='none'\"  \/>\n<h2>\n\t\tUn service de proximit\u00e9, souple et mesur\u00e9\n\t<\/h2>\n\t<p>Conscient que sa valeur ajout\u00e9e d\u00e9pend de la qualit\u00e9 de la relation \u00e9tablie avec les personnes, le DSI int\u00e8gre le collectif de chaque organisation autant que possible. C&rsquo;est du dialogue, formel et informel avec les \u00e9quipes que naissent les id\u00e9es.<\/p>\n<p>DSI et des hommes a d\u00e9clin\u00e9 une approche modulaire \u00ab\u00a0\u00e0 la carte\u00a0\u00bb parce que les besoins peuvent \u00eatre ponctuels ou r\u00e9currents et qu&rsquo;on arrive \u00e0 rien sans respecter votre contexte et votre rythme.<\/p>\n\n","protected":false},"excerpt":{"rendered":"<p>Un DSI pour les enteprises de toute taille DSI et des Hommes aide les petites et moyennes organisations partout en France \u00e0 construire et piloter leur syst\u00e8me d&rsquo;information en mettant \u00e0 leur port\u00e9e la comp\u00e9tence et l&rsquo;exp\u00e9rience d&rsquo;un Directeur des Syst\u00e8mes d&rsquo;Information (DSI). Avec pour cadre la vision donn\u00e9e par la direction, le DSI r\u00e9alise les combinaisons entre technologie de [&hellip;]<\/p>\n","protected":false},"author":1,"featured_media":0,"parent":0,"menu_order":0,"comment_status":"closed","ping_status":"closed","template":"page-templates\/full-width-container.php","meta":{"om_disable_all_campaigns":false,"_monsterinsights_skip_tracking":false,"_monsterinsights_sitenote_active":false,"_monsterinsights_sitenote_note":"","_monsterinsights_sitenote_category":0,"footnotes":""},"class_list":["post-1165","page","type-page","status-publish","hentry"],"aioseo_notices":[],"_links":{"self":[{"href":"https:\/\/dsiedh.com\/index.php\/wp-json\/wp\/v2\/pages\/1165","targetHints":{"allow":["GET"]}}],"collection":[{"href":"https:\/\/dsiedh.com\/index.php\/wp-json\/wp\/v2\/pages"}],"about":[{"href":"https:\/\/dsiedh.com\/index.php\/wp-json\/wp\/v2\/types\/page"}],"author":[{"embeddable":true,"href":"https:\/\/dsiedh.com\/index.php\/wp-json\/wp\/v2\/users\/1"}],"replies":[{"embeddable":true,"href":"https:\/\/dsiedh.com\/index.php\/wp-json\/wp\/v2\/comments?post=1165"}],"version-history":[{"count":11,"href":"https:\/\/dsiedh.com\/index.php\/wp-json\/wp\/v2\/pages\/1165\/revisions"}],"predecessor-version":[{"id":1397,"href":"https:\/\/dsiedh.com\/index.php\/wp-json\/wp\/v2\/pages\/1165\/revisions\/1397"}],"wp:attachment":[{"href":"https:\/\/dsiedh.com\/index.php\/wp-json\/wp\/v2\/media?parent=1165"}],"curies":[{"name":"wp","href":"https:\/\/api.w.org\/{rel}","templated":true}]}}